{"id":2,"date":"2022-03-09T12:47:29","date_gmt":"2022-03-09T11:47:29","guid":{"rendered":"https:\/\/banana.com.hr\/woo-croatian-dualcurrency-compliance\/?page_id=2"},"modified":"2022-08-31T12:00:28","modified_gmt":"2022-08-31T10:00:28","slug":"woocommerce-dual-currency-compliance-for-croatia","status":"publish","type":"page","link":"https:\/\/banana.com.hr\/woo-croatian-dualcurrency-compliance\/","title":{"rendered":"Prilagodba WooCommerce Web shopa &#8211; prikaz cijene u dodatnoj valuti &#8211; Woocommerce plugin"},"content":{"rendered":"<p>[et_pb_section fb_built=&#8221;1&#8243; _builder_version=&#8221;3.22&#8243; global_colors_info=&#8221;{}&#8221;][et_pb_row _builder_version=&#8221;4.14.9&#8243; _module_preset=&#8221;default&#8221; global_colors_info=&#8221;{}&#8221;][et_pb_column type=&#8221;4_4&#8243; _builder_version=&#8221;4.14.9&#8243; _module_preset=&#8221;default&#8221; global_colors_info=&#8221;{}&#8221;][et_pb_image src=&#8221;https:\/\/banana.com.hr\/woo-croatian-dualcurrency-compliance\/wp-content\/uploads\/2022\/03\/woocommerce-dual-currency-plugin-logo-svg.svg&#8221; title_text=&#8221;woocommerce dual currency plugin logo svg&#8221; _builder_version=&#8221;4.14.9&#8243; _module_preset=&#8221;default&#8221; width=&#8221;46%&#8221; width_tablet=&#8221;65%&#8221; width_phone=&#8221;65%&#8221; width_last_edited=&#8221;on|phone&#8221; module_alignment=&#8221;center&#8221; global_colors_info=&#8221;{}&#8221;][\/et_pb_image][et_pb_post_title meta=&#8221;off&#8221; featured_image=&#8221;off&#8221; _builder_version=&#8221;4.14.9&#8243; _module_preset=&#8221;default&#8221; title_text_align=&#8221;center&#8221; global_colors_info=&#8221;{}&#8221;][\/et_pb_post_title][\/et_pb_column][\/et_pb_row][et_pb_row _builder_version=&#8221;3.25&#8243; background_size=&#8221;initial&#8221; background_position=&#8221;top_left&#8221; background_repeat=&#8221;repeat&#8221; global_colors_info=&#8221;{}&#8221;][et_pb_column type=&#8221;4_4&#8243; _builder_version=&#8221;3.25&#8243; custom_padding=&#8221;|||&#8221; global_colors_info=&#8221;{}&#8221; custom_padding__hover=&#8221;|||&#8221;][et_pb_text _builder_version=&#8221;4.14.9&#8243; text_font_size=&#8221;15px&#8221; background_size=&#8221;initial&#8221; background_position=&#8221;top_left&#8221; background_repeat=&#8221;repeat&#8221; text_orientation=&#8221;justified&#8221; global_colors_info=&#8221;{}&#8221;]Jedini potpuni dodatak za prikaz cijena u vi\u0161e valuta koji \u0107ete trebati kako biste uskladili svoju Woocommerce trgovinu.<\/p>\n<p>Prika\u017eite informativnu cijenu u Woocommerce trgovini u dodatnoj valuti.<\/p>\n<p>&nbsp;<\/p>\n<h4>\u2714\ufe0f Prikaz cijene u do dvije dodatne valute<\/h4>\n<h4>\u2714\ufe0f Automatska konverzija te\u010daja putem HNB API<\/h4>\n<h4>\u2714\ufe0f Unos vlastitog te\u010daja<\/h4>\n<h4>\u2714\ufe0f Prikaz cijene u ratama<\/h4>\n<h4>\u2714\ufe0f Prikaz &#8220;cijene od&#8221; za varijabilne proizvode<\/h4>\n<h4>\u2714\ufe0f Mogu\u0107nost odabira prikaza za proizvode na popustu<\/h4>\n<h4>\u2714\ufe0f Mogu\u0107nost dodatnog stiliziranja putem CSS-a<\/h4>\n<h4>\u2714\ufe0f Podr\u0161ka<\/h4>\n<h4>\u2714\ufe0f Prilagodba Woocommerce trgovina po mjeri<\/h4>\n<h4>\u2714\ufe0f Kompatibilno sa Elementor\/Divi<\/h4>\n<p>[\/et_pb_text][\/et_pb_column][\/et_pb_row][et_pb_row custom_padding_last_edited=&#8221;on|phone&#8221; _builder_version=&#8221;4.14.9&#8243; _module_preset=&#8221;default&#8221; custom_margin_tablet=&#8221;&#8221; custom_margin_phone=&#8221;&#8221; custom_margin_last_edited=&#8221;on|phone&#8221; custom_padding_tablet=&#8221;||||false|false&#8221; custom_padding_phone=&#8221;&#8221; locked=&#8221;off&#8221; global_colors_info=&#8221;{}&#8221;][et_pb_column type=&#8221;4_4&#8243; _builder_version=&#8221;4.7.3&#8243; _module_preset=&#8221;default&#8221; link_option_url=&#8221;\/protesi-dentali\/&#8221; global_colors_info=&#8221;{}&#8221;][et_pb_text _builder_version=&#8221;4.14.9&#8243; text_font_size=&#8221;18px&#8221; background_size=&#8221;initial&#8221; background_position=&#8221;top_left&#8221; background_repeat=&#8221;repeat&#8221; text_orientation=&#8221;center&#8221; global_colors_info=&#8221;{}&#8221;]Pogledajte na\u0161 vodi\u0107 za prilagodbu[\/et_pb_text][et_pb_button button_url=&#8221;https:\/\/banana.com.hr\/woo-croatian-dualcurrency-compliance\/prelazak-na-euro-prikaz-cijena-u-eurima-i-kunama-woocommerce-plugin\/&#8221; button_text=&#8221;Vodi\u0107 za prilagodbu&#8221; button_alignment=&#8221;center&#8221; module_class=&#8221;popmake-233072&#8243; _builder_version=&#8221;4.14.9&#8243; custom_button=&#8221;on&#8221; button_text_size=&#8221;14px&#8221; button_bg_color=&#8221;#EF3C23&#8243; button_border_color=&#8221;rgba(0,0,0,0)&#8221; button_border_radius=&#8221;0px&#8221; button_letter_spacing=&#8221;4px&#8221; button_font=&#8221;|700||on|||||&#8221; button_icon=&#8221;&#x24;||divi||400&#8243; background_layout=&#8221;dark&#8221; custom_margin=&#8221;20px||20px||false|false&#8221; custom_padding=&#8221;15px|40px|15px|40px|false|true&#8221; custom_css_main_element=&#8221;box-shadow: 0px 5px 20px #000;||    -moz-box-shadow: 0px 5px 20px #000;||    -webkit-box-shadow: 0px 10px 50px #000;&#8221; locked=&#8221;off&#8221; global_colors_info=&#8221;{}&#8221;][\/et_pb_button][\/et_pb_column][\/et_pb_row][et_pb_row _builder_version=&#8221;4.14.9&#8243; _module_preset=&#8221;default&#8221; column_structure=&#8221;1_2,1_2&#8243;][et_pb_column _builder_version=&#8221;4.14.9&#8243; _module_preset=&#8221;default&#8221; type=&#8221;1_2&#8243;][et_pb_image src=&#8221;https:\/\/api.freemius.com\/v1\/plugins\/10014\/reviews\/10502\/shares\/73653996ea68aac2994b7717b783c1d4.png&#8221; _builder_version=&#8221;4.14.9&#8243; _module_preset=&#8221;default&#8221; hover_enabled=&#8221;0&#8243; sticky_enabled=&#8221;0&#8243;][\/et_pb_image][\/et_pb_column][et_pb_column _builder_version=&#8221;4.14.9&#8243; _module_preset=&#8221;default&#8221; type=&#8221;1_2&#8243;][et_pb_image src=&#8221;https:\/\/api.freemius.com\/v1\/plugins\/10014\/reviews\/9904\/shares\/3af81e4b123086415659a490365e52e9.png&#8221; _builder_version=&#8221;4.14.9&#8243; _module_preset=&#8221;default&#8221; hover_enabled=&#8221;0&#8243; sticky_enabled=&#8221;0&#8243;][\/et_pb_image][\/et_pb_column][\/et_pb_row][et_pb_row _builder_version=&#8221;4.14.9&#8243; _module_preset=&#8221;default&#8221; global_colors_info=&#8221;{}&#8221;][et_pb_column type=&#8221;4_4&#8243; _builder_version=&#8221;4.14.9&#8243; _module_preset=&#8221;default&#8221; global_colors_info=&#8221;{}&#8221;][et_pb_image src=&#8221;https:\/\/banana.com.hr\/woo-croatian-dualcurrency-compliance\/wp-content\/uploads\/2022\/03\/woocommerce-dual-currency-plugin-demo-1.jpg&#8221; title_text=&#8221;woocommerce dual currency plugin demo 1&#8243; show_in_lightbox=&#8221;on&#8221; _builder_version=&#8221;4.14.9&#8243; _module_preset=&#8221;default&#8221; global_colors_info=&#8221;{}&#8221;][\/et_pb_image][et_pb_image src=&#8221;https:\/\/banana.com.hr\/woo-croatian-dualcurrency-compliance\/wp-content\/uploads\/2022\/03\/woocommerce-dual-currency-plugin-demo-2.jpg&#8221; title_text=&#8221;woocommerce dual currency plugin demo 2&#8243; show_in_lightbox=&#8221;on&#8221; _builder_version=&#8221;4.14.9&#8243; _module_preset=&#8221;default&#8221; global_colors_info=&#8221;{}&#8221;][\/et_pb_image][et_pb_image src=&#8221;https:\/\/banana.com.hr\/woo-croatian-dualcurrency-compliance\/wp-content\/uploads\/2022\/03\/woocommerce-dual-currency-plugin-demo-3.jpg&#8221; title_text=&#8221;woocommerce dual currency plugin demo 3&#8243; show_in_lightbox=&#8221;on&#8221; _builder_version=&#8221;4.14.9&#8243; _module_preset=&#8221;default&#8221; global_colors_info=&#8221;{}&#8221;][\/et_pb_image][et_pb_image src=&#8221;https:\/\/banana.com.hr\/woo-croatian-dualcurrency-compliance\/wp-content\/uploads\/2022\/03\/woocommerce-dual-currency-plugin-demo-4.jpg&#8221; title_text=&#8221;woocommerce dual currency plugin demo 4&#8243; show_in_lightbox=&#8221;on&#8221; _builder_version=&#8221;4.14.9&#8243; _module_preset=&#8221;default&#8221; global_colors_info=&#8221;{}&#8221;][\/et_pb_image][et_pb_image src=&#8221;https:\/\/banana.com.hr\/woo-croatian-dualcurrency-compliance\/wp-content\/uploads\/2022\/03\/woocommerce-dual-currency-plugin-demo-5.jpg&#8221; title_text=&#8221;woocommerce dual currency plugin demo 5&#8243; show_in_lightbox=&#8221;on&#8221; _builder_version=&#8221;4.14.9&#8243; _module_preset=&#8221;default&#8221; global_colors_info=&#8221;{}&#8221;][\/et_pb_image][et_pb_image src=&#8221;https:\/\/banana.com.hr\/woo-croatian-dualcurrency-compliance\/wp-content\/uploads\/2022\/03\/dualcurrency-woocomerce-plugin-settings-2.jpg&#8221; title_text=&#8221;dualcurrency woocomerce plugin settings 2&#8243; show_in_lightbox=&#8221;on&#8221; _builder_version=&#8221;4.14.9&#8243; _module_preset=&#8221;default&#8221; global_colors_info=&#8221;{}&#8221;][\/et_pb_image][et_pb_image src=&#8221;https:\/\/banana.com.hr\/woo-croatian-dualcurrency-compliance\/wp-content\/uploads\/2022\/03\/dualcurrency-woocomerce-plugin-settings-3.jpg&#8221; title_text=&#8221;dualcurrency woocomerce plugin settings 3&#8243; show_in_lightbox=&#8221;on&#8221; _builder_version=&#8221;4.14.9&#8243; _module_preset=&#8221;default&#8221; global_colors_info=&#8221;{}&#8221;][\/et_pb_image][et_pb_image src=&#8221;https:\/\/banana.com.hr\/woo-croatian-dualcurrency-compliance\/wp-content\/uploads\/2022\/03\/dualcurrency-woocomerce-plugin-settings-6.jpg&#8221; title_text=&#8221;dualcurrency woocomerce plugin settings 6&#8243; show_in_lightbox=&#8221;on&#8221; _builder_version=&#8221;4.14.9&#8243; _module_preset=&#8221;default&#8221; global_colors_info=&#8221;{}&#8221;][\/et_pb_image][\/et_pb_column][\/et_pb_row][et_pb_row custom_padding_last_edited=&#8221;on|phone&#8221; _builder_version=&#8221;4.14.9&#8243; _module_preset=&#8221;default&#8221; custom_margin_tablet=&#8221;&#8221; custom_margin_phone=&#8221;&#8221; custom_margin_last_edited=&#8221;on|phone&#8221; custom_padding_tablet=&#8221;||||false|false&#8221; custom_padding_phone=&#8221;&#8221; locked=&#8221;off&#8221; global_colors_info=&#8221;{}&#8221;][et_pb_column type=&#8221;4_4&#8243; _builder_version=&#8221;4.7.3&#8243; _module_preset=&#8221;default&#8221; link_option_url=&#8221;\/protesi-dentali\/&#8221; global_colors_info=&#8221;{}&#8221;][et_pb_text _builder_version=&#8221;4.14.9&#8243; text_font_size=&#8221;18px&#8221; background_size=&#8221;initial&#8221; background_position=&#8221;top_left&#8221; background_repeat=&#8221;repeat&#8221; text_orientation=&#8221;center&#8221; global_colors_info=&#8221;{}&#8221;]<\/p>\n<p>Napravite prilagodbu Va\u0161e Woocommerce trgovine ve\u0107 danas! Preuzmite na\u0161 Woocommerce dodatak!<\/p>\n<p>[\/et_pb_text][et_pb_button button_url=&#8221;https:\/\/banana.com.hr\/woo-croatian-dualcurrency-compliance\/download\/&#8221; button_text=&#8221;Preuzmi dodatak&#8221; button_alignment=&#8221;center&#8221; module_class=&#8221;popmake-233072&#8243; _builder_version=&#8221;4.14.9&#8243; custom_button=&#8221;on&#8221; button_text_size=&#8221;14px&#8221; button_bg_color=&#8221;#EF3C23&#8243; button_border_color=&#8221;rgba(0,0,0,0)&#8221; button_border_radius=&#8221;0px&#8221; button_letter_spacing=&#8221;4px&#8221; button_font=&#8221;|700||on|||||&#8221; button_icon=&#8221;&#x24;||divi||400&#8243; background_layout=&#8221;dark&#8221; custom_margin=&#8221;20px||20px||false|false&#8221; custom_padding=&#8221;15px|40px|15px|40px|false|true&#8221; custom_css_main_element=&#8221;box-shadow: 0px 5px 20px #000;||    -moz-box-shadow: 0px 5px 20px #000;||    -webkit-box-shadow: 0px 10px 50px #000;&#8221; locked=&#8221;off&#8221; global_colors_info=&#8221;{}&#8221;][\/et_pb_button][\/et_pb_column][\/et_pb_row][et_pb_row _builder_version=&#8221;4.14.9&#8243; _module_preset=&#8221;default&#8221; locked=&#8221;off&#8221; global_colors_info=&#8221;{}&#8221;][et_pb_column type=&#8221;4_4&#8243; _builder_version=&#8221;4.14.9&#8243; _module_preset=&#8221;default&#8221; global_colors_info=&#8221;{}&#8221;][et_pb_menu _builder_version=&#8221;4.14.9&#8243; _module_preset=&#8221;default&#8221; menu_font=&#8221;|700|||on||||&#8221; menu_text_color=&#8221;#0C71C3&#8243; menu_font_size=&#8221;16px&#8221; text_orientation=&#8221;center&#8221; global_colors_info=&#8221;{}&#8221;][\/et_pb_menu][\/et_pb_column][\/et_pb_row][et_pb_row _builder_version=&#8221;4.14.9&#8243; _module_preset=&#8221;default&#8221; locked=&#8221;off&#8221; global_colors_info=&#8221;{}&#8221;][et_pb_column type=&#8221;4_4&#8243; _builder_version=&#8221;4.14.9&#8243; _module_preset=&#8221;default&#8221; global_colors_info=&#8221;{}&#8221;][et_pb_image src=&#8221;https:\/\/banana.com.hr\/woo-croatian-dualcurrency-compliance\/wp-content\/uploads\/2022\/03\/freemius-badge-secure-payments-light.svg&#8221; title_text=&#8221;freemius-badge-secure-payments-light&#8221; align=&#8221;center&#8221; _builder_version=&#8221;4.14.9&#8243; _module_preset=&#8221;default&#8221; global_colors_info=&#8221;{}&#8221;][\/et_pb_image][\/et_pb_column][\/et_pb_row][\/et_pb_section]<\/p>\n","protected":false},"excerpt":{"rendered":"<p>Jedini potpuni dodatak za prikaz cijena u vi\u0161e valuta koji \u0107ete trebati kako biste uskladili svoju Woocommerce trgovinu. Prika\u017eite informativnu cijenu u Woocommerce trgovini u dodatnoj valuti. &nbsp; \u2714\ufe0f Prikaz cijene u do dvije dodatne valute \u2714\ufe0f Automatska konverzija te\u010daja putem HNB API \u2714\ufe0f Unos vlastitog te\u010daja \u2714\ufe0f Prikaz cijene u ratama \u2714\ufe0f Prikaz &#8220;cijene [&hellip;]<\/p>\n","protected":false},"author":1,"featured_media":0,"parent":0,"menu_order":0,"comment_status":"closed","ping_status":"closed","template":"","meta":{"_et_pb_use_builder":"on","_et_pb_old_content":"<!-- wp:paragraph -->\n<p>Hrvatska od 01.01.2023. kao slu\u017ebeno sredstvo pla\u0107anja po\u010dinje koristiti Euro (EUR) umjesto Hrvatske kune (HRK).<\/p>\n<!-- \/wp:paragraph -->\n\n<!-- wp:paragraph -->\n<p>Svi web trgovci koji imaju svoje web trgovina napravljene na Wordpress - Woocommerce platformi morati \u0107e se do 1.9.2022. uskladiti s novim propisima.<\/p>\n<!-- \/wp:paragraph -->\n\n<!-- wp:paragraph -->\n<p>Na\u0161 Woocommece dodatak \u0107e Vam pomo\u0107i da se u svega nekoliko minuta potpuno uskladite sa propisima o iskazivanju cijena u dvije valute.<\/p>\n<!-- \/wp:paragraph -->\n\n<!-- wp:paragraph -->\n<p>FAZA 1: <strong>1. Rujan 2022. \u2013 primarna valuta kuna<\/strong> ( HRK)<\/p>\n<!-- \/wp:paragraph -->\n\n<!-- wp:paragraph -->\n<p>Od prvog ponedjeljka u rujnu (5. rujna 2022.) obvezno je iskazivanje dvojnih cijena u kunama i eurima \u0161to zna\u010di da na svom Woocommerce web shopu morate istaknuti obje cijene - cijenu proizvoda u kunama i eurima. Cijena u kunama mora biti jasnije i vidljivije nazna\u010dena od one u eurima. Prilikom izra\u0107una te\u010daja se uvijek mora koristiti puni iznos fiksnog te\u010daja konverzije ( 1EUR = 7,53450 HRK) . Period iskazivanja dvojnih cijena s kunom kao primarnom valutom trajati \u0107e do do 1. sije\u010dnja 2023.<\/p>\n<!-- \/wp:paragraph -->\n\n<!-- wp:paragraph -->\n<p>Kako napraviti prilagodbu pomo\u0107u na\u0161eg Woocommerce dodatka? <\/p>\n<!-- \/wp:paragraph -->\n\n<!-- wp:paragraph -->\n<p>Ukoliko je va\u0161 web shop postavljen na primarnu valutu HRK u postavkama dodatka potrebno je uklju\u010diti dodatnu valutu te odabrati EUR. Te\u010daj \u0107e se automatski obra\u010dunavati putem HNB api ( Hrvatka narodna banka ) srednjem te\u010daju koji \u0107e vjerojatno biti fiksiran na 7,53450. U slu\u0107aju da HNB api iz nekog razloga ne bude radio, napravili smo opciju za ru\u010dni unos valute i te\u010daja kako bismo osigurali da Va\u0161a Woocommerce trgovina bude uskla\u0111ena. Aktivacijom opcije za prikaz rata, cijena pojedinog anuiteta \u0107e se tako\u0111er prera\u010dunati u eure.<\/p>\n<!-- \/wp:paragraph -->\n\n<!-- wp:paragraph -->\n<p><strong>FAZA 2:  1. sije\u010dnja 2023 \u2013 15. sije\u010dnja 2023. \u2013 primarna valuta euro<\/strong> ( EUR)<\/p>\n<!-- \/wp:paragraph -->\n\n<!-- wp:paragraph -->\n<p>Prvog sije\u010dnja 2023. euro postaje slu\u017ebena valuta za pla\u0107anje. Cijene je i dalje potrebno iskazati u dvojnom prikazu valuta u eurima i kunama. u kunama i eurima s time da je sada primarna valuta koja treba biti jasnije i vidljivije prikazana i iskazana Euro umjesto Hrvatske kune.<\/p>\n<!-- \/wp:paragraph -->\n\n<!-- wp:paragraph -->\n<p>U ovom periodu od 15 dana mogu\u0107e je pla\u0107anje u obje valute ali to se na pla\u0107anja u web trgovinama ne\u0107e odnositi ako se pla\u0107anje vr\u0161i putem interneta te je potrebno imati samo omogu\u0107eno pla\u0107anje u eurima. <\/p>\n<!-- \/wp:paragraph -->\n\n<!-- wp:paragraph -->\n<p>Kako napraviti prilagodbu pomo\u0107u na\u0161eg Woocommerce dodatka? <\/p>\n<!-- \/wp:paragraph -->\n\n<!-- wp:paragraph -->\n<p>Ukoliko je va\u0161 web shop postavljen na primarnu valutu kuna (HRK), 1.sije\u010dnja 2023. potrebno je u postavkama va\u0161e Woocommerce trgovine promijeniti primarnu valutu sa kuna na eure kako bi sve cijene bile prikazane u Eurima. Tako\u0111er je potrebno promijeniti sve cijene proizvoda u trgovini kako bi bile prera\u010dunate u eure. U postavkama na\u0161eg dodatka za Woocommerce potrebno je promijeniti dodatnu valutu na na\u010din da uklju\u010dite prikaz proizvoljne valute ( ru\u010dni unos) te postavite fiksni te\u010daj 7,53450 ukoliko HNB ne uvede HRK u popis valuta za automatsku konverziju putem API-ja u tom periodu.<\/p>\n<!-- \/wp:paragraph -->\n\n<!-- wp:paragraph -->\n<p><strong>FAZA 3:  15. sije\u010dnja 2023 \u2013 31. prosinca 2023. \u2013 primarna valuta euro<\/strong> ( EUR)<\/p>\n<!-- \/wp:paragraph -->\n\n<!-- wp:paragraph -->\n<p>U ovoj fazi se za trgovce koji koriste Woocommerce ne\u0107e ni\u0161ta promijeniti jer smo na\u0161e trgovine ve\u0107 uskladili sa aktualnim propisima 1. sije\u010dnja 2023. godine.<\/p>\n<!-- \/wp:paragraph -->\n\n<!-- wp:paragraph -->\n<p>Dvojni prikaz cijena potrebno je imati na Woocommerce trgovinama godinu dana, do 1.1.2024.<\/p>\n<!-- \/wp:paragraph -->\n\n<!-- wp:paragraph -->\n<p><strong>FAZA 4: 1. sije\u010dnja 2024. \u2013 potpuno uvo\u0111enje eura<\/strong> i prestanak dvojnog prikaza<\/p>\n<!-- \/wp:paragraph -->\n\n<!-- wp:paragraph -->\n<p>Od 1. sije\u010dnja 2024. Hrvatska u potpunosti prelazi na euro \u2013 time prestaje obveza za dvojno iskazivanje cijena te je cijene potrebno iskazati samo u euro valuti.<\/p>\n<!-- \/wp:paragraph -->\n\n<!-- wp:paragraph -->\n<p>Kako napraviti prilagodbu pomo\u0107u na\u0161eg Woocommerce dodatka? <\/p>\n<!-- \/wp:paragraph -->\n\n<!-- wp:paragraph -->\n<p>U postavkama na\u0161eg dodatka potrebno je isklju\u010diti prikaz dodatne valute ( kuna) ili odabrati prikaz cijena u nekoj od drugih valuta ( npr. dolar) ili potpuno ugasiti dodatak.<\/p>\n<!-- \/wp:paragraph -->","_et_gb_content_width":"","footnotes":""},"class_list":["post-2","page","type-page","status-publish","hentry"],"_links":{"self":[{"href":"https:\/\/banana.com.hr\/woo-croatian-dualcurrency-compliance\/wp-json\/wp\/v2\/pages\/2","targetHints":{"allow":["GET"]}}],"collection":[{"href":"https:\/\/banana.com.hr\/woo-croatian-dualcurrency-compliance\/wp-json\/wp\/v2\/pages"}],"about":[{"href":"https:\/\/banana.com.hr\/woo-croatian-dualcurrency-compliance\/wp-json\/wp\/v2\/types\/page"}],"author":[{"embeddable":true,"href":"https:\/\/banana.com.hr\/woo-croatian-dualcurrency-compliance\/wp-json\/wp\/v2\/users\/1"}],"replies":[{"embeddable":true,"href":"https:\/\/banana.com.hr\/woo-croatian-dualcurrency-compliance\/wp-json\/wp\/v2\/comments?post=2"}],"version-history":[{"count":33,"href":"https:\/\/banana.com.hr\/woo-croatian-dualcurrency-compliance\/wp-json\/wp\/v2\/pages\/2\/revisions"}],"predecessor-version":[{"id":240052,"href":"https:\/\/banana.com.hr\/woo-croatian-dualcurrency-compliance\/wp-json\/wp\/v2\/pages\/2\/revisions\/240052"}],"wp:attachment":[{"href":"https:\/\/banana.com.hr\/woo-croatian-dualcurrency-compliance\/wp-json\/wp\/v2\/media?parent=2"}],"curies":[{"name":"wp","href":"https:\/\/api.w.org\/{rel}","templated":true}]}}